{"id":1170,"date":"2018-05-14T10:37:56","date_gmt":"2018-05-14T15:37:56","guid":{"rendered":"https:\/\/toroclubcaribe.org\/it\/?page_id=1170"},"modified":"2018-05-14T13:09:54","modified_gmt":"2018-05-14T18:09:54","slug":"politica-de-privacidad","status":"publish","type":"page","link":"https:\/\/toroclubcaribe.org\/it\/politica-de-privacidad\/","title":{"rendered":"POLITICA SULLA PRIVACY"},"content":{"rendered":"<p>POLITICA SULLA PRIVACY<\/p>\n<p>Questa Informativa sulla privacy stabilisce i termini in cui GTAC utilizza e protegge le informazioni fornite dai propri utenti quando si utilizza il sito Web. Questa azienda si impegna per la sicurezza dei dati dei propri utenti. Quando ti chiediamo di compilare i campi delle informazioni personali con le quali puoi essere identificato, lo facciamo assicurandoci che sar\u00e0 utilizzato solo in conformit\u00e0 con i termini di questo documento. Tuttavia, questa Informativa sulla privacy pu\u00f2 cambiare nel tempo o essere aggiornata per ci\u00f2 che raccomandiamo e ti incoraggiamo vivamente a rivedere questa pagina continuamente per assicurarti di accettare tali cambiamenti.<\/p>\n<p>Informazioni raccolte<\/p>\n<p>Il nostro sito Web pu\u00f2 raccogliere informazioni personali quali: Nome, informazioni di contatto come il tuo indirizzo email e informazioni demografiche. Inoltre, quando necessario, potrebbero essere richieste informazioni specifiche per elaborare un ordine o effettuare una consegna o una fatturazione.<\/p>\n<p>Uso delle informazioni raccolte<\/p>\n<p>Il nostro sito Web utilizza le informazioni al fine di fornire il miglior servizio possibile, in particolare per mantenere un registro degli utenti, ordini se possibile e migliorare i nostri prodotti e servizi. \u00c8 possibile che le e-mail periodiche vengano inviate tramite il nostro sito con offerte speciali, nuovi prodotti e altre informazioni pubblicitarie che riteniamo rilevanti per te o che potrebbero essere di beneficio per te, queste email saranno inviate all&#8217;indirizzo che fornisci e potrebbero essere cancellate. in qualsiasi momento<\/p>\n<p>GTAC \u00e8 fortemente impegnata a rispettare l&#8217;impegno di proteggere le tue informazioni. Utilizziamo i sistemi pi\u00f9 avanzati e li aggiorniamo costantemente per garantire che non vi siano accessi non autorizzati.<\/p>\n<p>biscotti<\/p>\n<p>Un cookie fa riferimento a un file inviato allo scopo di richiedere il permesso di essere archiviato sul tuo computer, quando accetta che detto file viene creato e il cookie serve quindi ad avere informazioni sul traffico web e facilita anche le visite future a un sito web ricorrenti. Un&#8217;altra funzione che i cookie hanno \u00e8 che con loro il web pu\u00f2 riconoscerti individualmente e quindi offrirti il \u200b\u200bmiglior servizio personalizzato sul tuo sito web.<\/p>\n<p>Il nostro sito Web utilizza i cookie per identificare le pagine visitate e la loro frequenza. Queste informazioni vengono utilizzate solo per analisi statistiche e quindi le informazioni vengono eliminate in modo permanente. Puoi eliminare i cookie in qualsiasi momento dal tuo computer. Tuttavia, i cookie aiutano a fornire un servizio migliore per i siti Web, non consentono l&#8217;accesso alle informazioni del computer dell&#8217;utente o, a meno che non lo si desideri e non lo forniscano direttamente, le visite a un sito Web. Puoi accettare o negare l&#8217;uso dei cookie, tuttavia la maggior parte dei browser accetta automaticamente i cookie perch\u00e9 serve per avere un servizio Web migliore. Puoi anche cambiare la configurazione del tuo computer per rifiutare i cookie. Se si rifiutano, potresti non essere in grado di utilizzare alcuni dei nostri servizi.<\/p>\n<p>Collegamenti a terzi<\/p>\n<p>Questo sito Web potrebbe contenere collegamenti ad altri siti che potrebbero essere di tuo interesse. Una volta che clicchi su questi link e lasci la nostra pagina, non abbiamo pi\u00f9 il controllo sul sito a cui sei reindirizzato e quindi non siamo responsabili per i termini o la privacy o la protezione dei tuoi dati in quegli altri siti di terze parti. Questi siti sono soggetti alle loro politiche sulla privacy, quindi \u00e8 consigliabile consultarli per confermare che siete d&#8217;accordo con loro.<\/p>\n<p>Controllo delle tue informazioni personali<\/p>\n<p>In qualsiasi momento \u00e8 possibile limitare la raccolta o l&#8217;utilizzo delle informazioni personali fornite al nostro sito Web. Ogni volta che ti viene chiesto di compilare un modulo, come il modulo di registrazione dell&#8217;utente, puoi selezionare o deselezionare l&#8217;opzione per ricevere informazioni via email. Se hai contrassegnato l&#8217;opzione per ricevere la nostra newsletter o pubblicit\u00e0, puoi cancellarla in qualsiasi momento.<\/p>\n<p>Questa societ\u00e0 non vender\u00e0, assegner\u00e0 o distribuir\u00e0 le informazioni personali raccolte senza il tuo consenso, a meno che non sia richiesto da un giudice con un&#8217;ingiunzione del tribunale.<\/p>\n<p>GTAC si riserva il diritto di modificare i termini della presente Informativa sulla privacy in qualsiasi momento.<\/p>","protected":false},"excerpt":{"rendered":"<p>POLITICA SULLA PRIVACY Questa Informativa sulla privacy stabilisce i termini in cui GTAC utilizza e protegge le informazioni fornite dai propri utenti quando si utilizza il sito Web. Questa azienda si impegna per la sicurezza dei dati dei propri utenti. Quando ti chiediamo di compilare i campi delle informazioni personali con le quali puoi essere [&hellip;]<\/p>\n","protected":false},"author":1,"featured_media":0,"parent":0,"menu_order":0,"comment_status":"closed","ping_status":"closed","template":"","meta":{"footnotes":""},"class_list":["post-1170","page","type-page","status-publish","hentry"],"_links":{"self":[{"href":"https:\/\/toroclubcaribe.org\/it\/wp-json\/wp\/v2\/pages\/1170","targetHints":{"allow":["GET"]}}],"collection":[{"href":"https:\/\/toroclubcaribe.org\/it\/wp-json\/wp\/v2\/pages"}],"about":[{"href":"https:\/\/toroclubcaribe.org\/it\/wp-json\/wp\/v2\/types\/page"}],"author":[{"embeddable":true,"href":"https:\/\/toroclubcaribe.org\/it\/wp-json\/wp\/v2\/users\/1"}],"replies":[{"embeddable":true,"href":"https:\/\/toroclubcaribe.org\/it\/wp-json\/wp\/v2\/comments?post=1170"}],"version-history":[{"count":1,"href":"https:\/\/toroclubcaribe.org\/it\/wp-json\/wp\/v2\/pages\/1170\/revisions"}],"predecessor-version":[{"id":1173,"href":"https:\/\/toroclubcaribe.org\/it\/wp-json\/wp\/v2\/pages\/1170\/revisions\/1173"}],"wp:attachment":[{"href":"https:\/\/toroclubcaribe.org\/it\/wp-json\/wp\/v2\/media?parent=1170"}],"curies":[{"name":"wp","href":"https:\/\/api.w.org\/{rel}","templated":true}]}}