{"id":270,"date":"2017-01-07T09:37:55","date_gmt":"2017-01-07T14:37:55","guid":{"rendered":"http:\/\/tccawp.cartagena68.com\/?page_id=270"},"modified":"2025-12-27T08:56:25","modified_gmt":"2025-12-27T13:56:25","slug":"home","status":"publish","type":"page","link":"https:\/\/toroclubcaribe.org\/it\/","title":{"rendered":"Inizio"},"content":{"rendered":"<div class=\"wpb-content-wrapper\"><p>[vc_row css=&#8221;.vc_custom_1665360728862{background-position: center !important;background-repeat: no-repeat !important;background-size: contain !important;}&#8221;][vc_column][vc_column_text css_animation=&#8221;rollIn&#8221; el_class=&#8221;bandiere&#8221;]<\/p>\n<div align=\"center\"><img loading=\"lazy\" decoding=\"async\" class=\"alignnone wp-image-4304\" style=\"margin-bottom: 10px;\" src=\"https:\/\/toroclubcaribe.org\/wp-content\/uploads\/2022\/12\/ESCUDO-GTAC-20o-FLAT-239x300.png\" alt=\"\" width=\"120\" height=\"151\" srcset=\"https:\/\/toroclubcaribe.org\/wp-content\/uploads\/2022\/12\/ESCUDO-GTAC-20o-FLAT-239x300.png 239w, https:\/\/toroclubcaribe.org\/wp-content\/uploads\/2022\/12\/ESCUDO-GTAC-20o-FLAT-334x420.png 334w, https:\/\/toroclubcaribe.org\/wp-content\/uploads\/2022\/12\/ESCUDO-GTAC-20o-FLAT.png 384w\" sizes=\"auto, (max-width: 120px) 100vw, 120px\" \/><\/div>\n<div align=\"center\"><img loading=\"lazy\" decoding=\"async\" class=\"wp-image-800 \" style=\"margin: 5px;\" src=\"https:\/\/toroclubcaribe.org\/wp-content\/uploads\/2017\/01\/argentina.jpg\" alt=\"\" width=\"40\" height=\"28\" \/><img loading=\"lazy\" decoding=\"async\" class=\"wp-image-801 \" style=\"margin: 5px;\" src=\"https:\/\/toroclubcaribe.org\/wp-content\/uploads\/2017\/01\/bolovia.jpg\" alt=\"\" width=\"40\" height=\"28\" \/><img loading=\"lazy\" decoding=\"async\" class=\"wp-image-802 \" style=\"margin: 5px;\" src=\"https:\/\/toroclubcaribe.org\/wp-content\/uploads\/2017\/01\/brasil.jpg\" alt=\"\" width=\"40\" height=\"28\" \/><img loading=\"lazy\" decoding=\"async\" class=\"wp-image-803 \" style=\"margin: 5px;\" src=\"https:\/\/toroclubcaribe.org\/wp-content\/uploads\/2017\/01\/canada.jpg\" alt=\"\" width=\"40\" height=\"28\" \/><img loading=\"lazy\" decoding=\"async\" class=\"wp-image-804 \" style=\"margin: 5px;\" src=\"https:\/\/toroclubcaribe.org\/wp-content\/uploads\/2017\/01\/chile.jpg\" alt=\"\" width=\"40\" height=\"28\" \/><img loading=\"lazy\" decoding=\"async\" class=\"wp-image-805 \" style=\"margin: 5px;\" src=\"https:\/\/toroclubcaribe.org\/wp-content\/uploads\/2017\/01\/colombia.jpg\" alt=\"\" width=\"40\" height=\"28\" \/><img loading=\"lazy\" decoding=\"async\" class=\"wp-image-806 \" style=\"margin: 5px;\" src=\"https:\/\/toroclubcaribe.org\/wp-content\/uploads\/2017\/01\/costa_rica.jpg\" alt=\"\" width=\"40\" height=\"28\" \/><img loading=\"lazy\" decoding=\"async\" class=\"wp-image-807 \" style=\"margin: 5px;\" src=\"https:\/\/toroclubcaribe.org\/wp-content\/uploads\/2017\/01\/ecuador.jpg\" alt=\"\" width=\"40\" height=\"28\" \/><img loading=\"lazy\" decoding=\"async\" class=\"wp-image-808 \" style=\"margin: 5px;\" src=\"https:\/\/toroclubcaribe.org\/wp-content\/uploads\/2017\/01\/ee_uu.jpg\" alt=\"\" width=\"40\" height=\"28\" \/><img loading=\"lazy\" decoding=\"async\" class=\"wp-image-809 \" style=\"margin: 5px;\" src=\"https:\/\/toroclubcaribe.org\/wp-content\/uploads\/2017\/01\/guatemala.jpg\" alt=\"\" width=\"40\" height=\"28\" \/><img loading=\"lazy\" decoding=\"async\" class=\"wp-image-810 \" style=\"margin: 5px;\" src=\"https:\/\/toroclubcaribe.org\/wp-content\/uploads\/2017\/01\/italia.jpg\" alt=\"\" width=\"40\" height=\"28\" \/><img loading=\"lazy\" decoding=\"async\" class=\"wp-image-812 \" style=\"margin: 5px;\" src=\"https:\/\/toroclubcaribe.org\/wp-content\/uploads\/2017\/01\/nicaragua.jpg\" alt=\"\" width=\"40\" height=\"28\" \/><img loading=\"lazy\" decoding=\"async\" class=\"wp-image-813 \" style=\"margin: 5px;\" src=\"https:\/\/toroclubcaribe.org\/wp-content\/uploads\/2017\/01\/panama.jpg\" alt=\"\" width=\"40\" height=\"28\" \/><img loading=\"lazy\" decoding=\"async\" class=\"wp-image-814 \" style=\"margin: 5px;\" src=\"https:\/\/toroclubcaribe.org\/wp-content\/uploads\/2017\/01\/paraguay.jpg\" alt=\"\" width=\"40\" height=\"28\" \/><img loading=\"lazy\" decoding=\"async\" class=\"wp-image-811 \" style=\"margin: 5px;\" src=\"https:\/\/toroclubcaribe.org\/wp-content\/uploads\/2017\/01\/mexico.jpg\" alt=\"\" width=\"40\" height=\"28\" \/><img loading=\"lazy\" decoding=\"async\" class=\"wp-image-815 \" style=\"margin: 5px;\" src=\"https:\/\/toroclubcaribe.org\/wp-content\/uploads\/2017\/01\/peru.jpg\" alt=\"\" width=\"40\" height=\"28\" \/><img loading=\"lazy\" decoding=\"async\" class=\"wp-image-816 \" style=\"margin: 5px;\" src=\"https:\/\/toroclubcaribe.org\/wp-content\/uploads\/2017\/01\/saldador.jpg\" alt=\"\" width=\"40\" height=\"28\" \/><img loading=\"lazy\" decoding=\"async\" class=\"wp-image-817 \" style=\"margin: 5px;\" src=\"https:\/\/toroclubcaribe.org\/wp-content\/uploads\/2017\/01\/venezuela.jpg\" alt=\"\" width=\"40\" height=\"28\" \/><\/div>\n<div align=\"center\">\n<h1 style=\"color: #790000; text-align: center;\"><strong>Benvenuti<\/strong><\/h1>\n<\/div>\n<p>[\/vc_column_text][\/vc_column][\/vc_row][vc_row][vc_column][vc_video link=&#8221;https:\/\/www.youtube.com\/watch?v=yqVlQ09EL64&#8243;]<\/p>\n<div id=\"memoria\">\n<div style=\"width: 696px;\" class=\"wp-video\"><video class=\"wp-video-shortcode\" id=\"video-270-2\" width=\"696\" height=\"392\" preload=\"metadata\" controls=\"controls\"><source type=\"video\/mp4\" src=\"https:\/\/toroclubcaribe.org\/wp-content\/uploads\/2025\/12\/Video-Grande-Torino_burn-in_1920x1080_x264.mp4?_=2\" \/><a href=\"https:\/\/toroclubcaribe.org\/wp-content\/uploads\/2025\/12\/Video-Grande-Torino_burn-in_1920x1080_x264.mp4\">https:\/\/toroclubcaribe.org\/wp-content\/uploads\/2025\/12\/Video-Grande-Torino_burn-in_1920x1080_x264.mp4<\/a><\/video><\/div>\n<\/div>\n<p>Cortesia fanpage.it[\/td_block_text_with_title][\/vc_column][\/vc_row][vc_row][vc_column width=&#8221;2\/3&#8243;][vc_column_text]<span style=\"font-family: Verdana, Arial, Helvetica, sans-serif; font-size: small;\"><img loading=\"lazy\" decoding=\"async\" class=\"alignleft wp-image-216 size-medium\" src=\"https:\/\/toroclubcaribe.org\/wp-content\/uploads\/2017\/01\/tor-300x232.gif\" alt=\"\" width=\"300\" height=\"232\" \/>Il <span class=\"Style2\">31 ottobre 2003<\/span> il Club Sportivo <strong><span style=\"color: #660000;\">\u201cTORO CLUB CARIBE\u201d<\/span><\/strong> \u00e8 stato creato per tutti i tifosi della squadra GRANATA. \u00c8 un&#8217;organizzazione senza scopo di lucro con scopi sociali e umanitari. Nasce con l&#8217;obiettivo di aderire al Torino Football Club, sfoggiare la sua storia centenaria e far conoscere la squadra bordeaux in terre lontane.<\/span><\/p>\n<p>&nbsp;<\/p>\n<p><strong><span style=\"font-family: Verdana, Arial, Helvetica, sans-serif; font-size: small;\">Il <span class=\"Style2\">7 maggio 2007<\/span> entra ufficialmente riconosciuto dalla Societ\u00e0 Granata.<\/span><\/strong><\/p>\n<p><span style=\"font-family: Verdana, Arial, Helvetica, sans-serif; font-size: small;\">Per il grande successo ottenuto nella presentazione ufficiale del Club da parte di tanti tifosi e media, il Consiglio Direttivo del Club ha deciso di cambiare nome, il <span class=\"Style2\"> 23 luglio 2007<\/span>, in <span style=\"color: #660000;\"><strong>TORO CLUB CARIBE E DAL AMERICHE<\/strong><\/span>, per offrire una casa comune a coloro che ci scrivono da cos\u00ec tante parti d&#8217;America e desiderano unirsi a noi.<img loading=\"lazy\" decoding=\"async\" class=\"wp-image-345 size-full alignright\" src=\"https:\/\/toroclubcaribe.org\/wp-content\/uploads\/2017\/01\/america.jpg\" width=\"162\" height=\"122\" srcset=\"https:\/\/toroclubcaribe.org\/wp-content\/uploads\/2017\/01\/america.jpg 162w, https:\/\/toroclubcaribe.org\/wp-content\/uploads\/2017\/01\/america-80x60.jpg 80w\" sizes=\"auto, (max-width: 162px) 100vw, 162px\" \/><\/span><\/p>\n<p><span style=\"font-family: Verdana, Arial, Helvetica, sans-serif; font-size: small;\">Lo scopo principale del Club \u00e8 la sponsorizzazione di attivit\u00e0 sportive e sociali a favore dei giovani pi\u00f9 bisognosi attraverso l&#8217;educazione, supporto medico e istruzione, sponsorizzazione di valori sportivi e creazione di sussidi alimentari e sanitari per migliorare lo sviluppo e la qualit\u00e0 della vita della comunit\u00e0.<\/span><\/p>\n<p><span style=\"font-family: Verdana, Arial, Helvetica, sans-serif; font-size: small;\">Nell&#8217;ambito del suo scopo istituzionale, \u00e8 parte integrante della<strong><span style=\"color: #660000;\"> Fondazione Internazionale \u201cLOS NI\u00d1OS DE COLOMBIA\u201d<\/span><\/strong>, sotto il suo patrocinio e, nel cui contesto, ha iniziato la sua attivit\u00e0.<img loading=\"lazy\" decoding=\"async\" class=\"wp-image- 368 size- medium alignleft\" src=\"https:\/\/toroclubcaribe.org\/wp-content\/uploads\/2017\/01\/estadio_italia-300x205.jpg\" width=\"300\" height=\"205\" \/><\/span><\/p>\n<p><span style=\"font-family: Verdana, Arial, Helvetica, sans-serif; font-size: small;\">Nel corso del 2007 abbiamo gi\u00e0 raccolto pi\u00f9 di mille aderenti con diverse centinaia di piccoli <strong><span style=\"color: #660000;\">&#8220;Toritos&#8221;<\/span><\/strong>.<\/span><\/p>\n<p><span style=\"font-family: Verdana, Arial, Helvetica, sans-serif; font-size: small;\">Centinaia di bambini sono interessati, soprattutto dai quartieri pi\u00f9 poveri, ad attivit\u00e0 sportive, educative e di reinserimento sociale. Diverse squadre sono state create per rappresentare il Club con bambini di et\u00e0 diverse, che partecipano a competizioni ufficiali nelle categorie dei pi\u00f9 piccoli.<\/span><\/p>\n<p><span style=\"font-family: Verdana, Arial, Helvetica, sans-serif; font-size: small;\">Lo scopo di supportare questi bambini \u00e8 particolarmente schiacciante e chiediamo anche aiuto a tutti i fan e sostenitori di questa pagina granata che desiderano darci il loro sostegno.<br \/>\n<\/span><\/p>\n<p><strong>Dal Toro Club Caribe al Toro Club Caribe y de las Americas.<\/strong><\/p>\n<p><img decoding=\"async\" class=\"wp-image-360 size-medium alignleft\" src=\"https:\/\/toroclubcaribe.org\/wp-content\/uploads\/2017\/01\/doc_luigi-300x227.jpg\" width=\"300\" height=\" 227\" srcset=\"https:\/\/toroclubcaribe.org\/wp-content\/uploads\/2017\/01\/doc_luigi.jpg 300w, https:\/\/toroclubcaribe.org\/wp-content\/uploads\/2017\/01\/doc_luigi-80x60.jpg 80w\" sizes=\"(max-width: 300px) 100vw, 300px\" \/>Cari amici, \u00e8 cos\u00ec che il nostro club ha deciso di modificare il suo nome originale di TORO CLUB CARIBE, ampliandolo per accogliere tante lettere che abbiamo ricevuto da molte persone provenienti da diversi paesi e regioni d&#8217;America, dove in generale \u00e8 emerso un senso di abbandono e il bisogno di stare con gli amici granata e parlare di argomenti che li unissero.<\/p>\n<p>Su proposta del Presidente del 20 luglio 2007, accettata dal Consiglio Direttivo del Club, si \u00e8 deciso di cambiarne la denominazione in TORO CLUB CARIBE y LAS AMERICAS.<br \/>\nIn questo modo si \u00e8 voluto dare la possibilit\u00e0 a tutti gli amici granata del continente americano di entrare a far parte del nostro Club, creando una grande famiglia granata senza limiti. Questa iniziativa \u00e8 unica nel suo genere e vuole testimoniare ancora una volta come lo spirito Granata sia unico e irripetibile nella confraternita Granata.<\/p>\n<p>Proprio durante una visita d&#8217;altri tempi alla lapide di Superga, portando la bandiera del Club <img loading=\"lazy\" decoding=\"async\" class=\"wp-image-441 size-medium alignright\" src=\"https:\/\/toroclubcaribe.org\/wp-content\/uploads\/2017\/01\/tcc_tcca-225x300.jpg\" width=\"225\" height=\"300\" srcset=\"https:\/\/toroclubcaribe.org\/wp-content\/uploads\/2017\/01\/tcc_tcca-225x300.jpg 225w, https:\/\/toroclubcaribe.org\/wp-content\/uploads\/2017\/01\/tcc_tcca-315x420.jpg 315w, https:\/\/toroclubcaribe.org\/wp-content\/uploads\/2017\/01\/tcc_tcca.jpg 384w\" sizes=\"auto, (max-width: 225px) 100vw, 225px\" \/> Siamo stati vicini di casa di una giovane e simpatica signora, Sandra Signore, che con sua madre veniva dalla California e vedeva i nostri ragazzi con la maglietta e bandiera del Toro Club Caribe, si \u00e8 scusata per non avere anche una bandiera e ci ha raccontato la sua passione, quasi solitaria sul suolo americano, e l&#8217;abbiamo invitata a far parte del nostro Club.<\/p>\n<p>Allo stesso modo, con gli amici del Venezuela, del Messico, del Canada e di altri paesi americani, l&#8217;idea \u00e8 di formare diverse sezioni sotto la nostra direzione, per raccogliere altrettanti seguaci sparsi per il continente americano.<br \/>\nIl nostro Club riunisce gi\u00e0 pi\u00f9 di mille soci, in un ambiente in cui il colore bordeaux era del tutto sconosciuto. Ma il grande proposito e il lavoro quotidiano dei nostri volontari ha cominciato a diffondere questo colore in particolare tra i giovani e ancor di pi\u00f9 con i pi\u00f9 piccoli, i &#8220;tori&#8221;, che rappresentano il vero domani, e tra i quali potrebbero emergere anche nuovi piccoli campioni, e ai quali (oltre al divertimento rappresentato dal calcio nella sua grande funzione sociale e per aiutarli a uscire dalla terribile povert\u00e0 ambientale) forniamo assistenza alimentare, medica ed educativa.<\/p>\n<p>Finalit\u00e0 davvero difficile da sostenere nel tempo con esigenze sempre crescenti (solo nel settore sportivo mancano palloni, magliette, attrezzatura, ecc.)<\/p>\n<p>Ci auguriamo che tanti amici, la societ\u00e0 granata e i suoi giocatori e gli amici dei Club vogliano aiutarci e aiutare i nostri &#8220;tori&#8221; a dare loro una prospettiva futura e un sogno che si tinge di granato, guardando, in un mondo che \u00e8 cos\u00ec lontano per loro, che le storie che raccontiamo quotidianamente sullo &#8220;spirito del toro&#8221; non sono utopie ma una realt\u00e0 che unisce passione e impegno in qualsiasi parte del mondo.[\/vc_column_text]<\/p>\n<div align=\"center\"><strong style=\"color: #6e0b14;\"><img loading=\"lazy\" decoding=\"async\" class=\"wp-image-646 size-full alignnone aligncenter\" src=\"https:\/\/toroclubcaribe.org\/wp-content\/uploads\/2017\/01\/tgc.png\" width=\"145\" height=\"138\" \/><img loading=\"lazy\" decoding=\"async\" class=\"alignnone wp-image-643 size-medium\" src=\"https:\/\/toroclubcaribe.org\/wp-content\/uploads\/2017\/01\/cecorex-300x46.jpg\" width=\"300\" height=\"46\" srcset=\"https:\/\/toroclubcaribe.org\/wp-content\/uploads\/2017\/01\/cecorex-300x46.jpg 300w, https:\/\/toroclubcaribe.org\/wp-content\/uploads\/2017\/01\/cecorex.jpg 590w\" sizes=\"auto, (max-width: 300px) 100vw, 300px\" \/><img loading=\"lazy\" decoding=\"async\" class=\"alignnone wp-image-644 size-full\" src=\"https:\/\/toroclubcaribe.org\/wp-content\/uploads\/2017\/01\/euro.png\" width=\"137\" height=\"137\" \/><\/strong><\/div>\n<div class=\"FFpbKc\">\n<p style=\"text-align: center;\"><strong style=\"color: #6e0b14;\">BAMBINI DELLA COLOMBIA \u2013 CECOREX<\/strong><\/p>\n<p><strong style=\"color: #6e0b14;\">CECOREX<\/strong> nell&#8217;ambito delle sue diverse attivit\u00e0 ha deciso di intraprendere, dopo un periodo di preparazione, dal 1 gennaio 2017, una nuova attivit\u00e0 specifica nella citt\u00e0 di Cartagena de Indias e dintorni (con possibile estensione ad altre aree) con il nuovo campo operativo <strong style=\"color: #6e0b14;\">NI\u00d1OS- CECOREX<\/strong> e, in questo caso particolare, con la voce <strong style=\"color: #6e0b14;\">NI\u00d1OS de COLOMBIA-CECOREX.<\/strong><\/p>\n<p>In queste pagine troverete un compendio delle attivit\u00e0 specifiche svolte in questa nuova sezione del <strong style=\"color: #6e0b14;\">CECOREX<\/strong> e, per il suo impegno, insieme alla parte umanitaria a favore dei giovani locali, rappresenter\u00e0 anche uno studio sul valore dell&#8217;aiuto allo sviluppo e formazione dei giovani, con un adeguato supporto sia in ambito educativo che sanitario, offrendo un&#8217;attivit\u00e0 sportiva ad alta componente sociale. E come questo si rifletta non solo nei giovani, ma nell&#8217;intera comunit\u00e0. La prima entit\u00e0 che si \u00e8 impegnata in CECOREX nella promozione e nello sviluppo dell&#8217;attivit\u00e0, e che da anni opera in questo settore con i giovani, \u00e8 il <strong style=\"color: #6e0b14;\">TORO CLUB CARIBE y de las AMERICAS<\/strong> [button color=&#8221;&#8221; size=&#8221;&#8221; type=&#8221;&#8221; target=&#8221;&#8221; link=&#8221;http:\/\/toroclubcaribe.org\/nuevo-tcca&#8221;]Continua&#8230;[\/button]<\/p>\n<\/div>\n<p>[\/td_block_text_with_title][vc_wp_rss items=&#8221;5&#8243; options=&#8221;show_summary&#8221; title=&#8221;TORONEWS&#8221; url=&#8221;http:\/\/www.toronews.net\/feed\/&#8221;][\/vc_column][vc_column width=&#8221;1\/3&#8243;][vc_column_text]<code><iframe loading=\"lazy\" src=\"https:\/\/www.tuttocampo.it\/WidgetV2\/Partita\/934ee680-3f5e-45ff-813d-df2e1dfed859\" width=\"auto\" height=\"350\" frameborder=\"0\" scrolling=\"no\"><\/iframe><br \/>\n<iframe loading=\"lazy\" src=\"https:\/\/www.tuttocampo.it\/WidgetV2\/ProssimaPartita\/934ee680-3f5e-45ff-813d-df2e1dfed859\" width=\"auto\" height=\"350\" frameborder=\"0\" scrolling=\"no\"><\/iframe><br \/>\n<iframe loading=\"lazy\" src=\"https:\/\/www.tuttocampo.it\/WidgetV2\/Risultati\/934ee680-3f5e-45ff-813d-df2e1dfed859\" width=\"auto\" height=\"700\" frameborder=\"0\" scrolling=\"no\"><\/iframe><br \/>\n<iframe loading=\"lazy\" src=\"https:\/\/www.tuttocampo.it\/WidgetV2\/Classifica\/934ee680-3f5e-45ff-813d-df2e1dfed859\" width=\"auto\" height=\"800\" frameborder=\"0\" scrolling=\"no\"><\/iframe><br \/>\n<iframe loading=\"lazy\" src=\"https:\/\/www.tuttocampo.it\/WidgetV2\/Marcatori\/934ee680-3f5e-45ff-813d-df2e1dfed859\" width=\"auto\" height=\"700\" frameborder=\"0\" scrolling=\"no\"><\/iframe><\/code>[\/vc_column_text][\/vc_column][\/vc_row][vc_row][vc_wp_rss items=&#8221;6&#8243; options=&#8221;show_summary&#8221; title=&#8221;CALCIOMERCATO&#8221; url=&#8221;https:\/\/www.gazzetta.it\/dynamic-feed\/rss\/section\/Calciomercato.xml&#8221;][\/vc_row]<\/p>\n<\/div>","protected":false},"excerpt":{"rendered":"<p>[vc_row css=&#8221;.vc_custom_1665360728862{background-position: center !important;background-repeat: no-repeat !important;background-size: contain !important;}&#8221;][vc_column][vc_column_text css_animation=&#8221;rollIn&#8221; el_class=&#8221;bandiere&#8221;] Benvenuti [\/vc_column_text][\/vc_column][\/vc_row][vc_row][vc_column][vc_video link=&#8221;https:\/\/www.youtube.com\/watch?v=yqVlQ09EL64&#8243;] Cortesia fanpage.it[\/td_block_text_with_title][\/vc_column][\/vc_row][vc_row][vc_column width=&#8221;2\/3&#8243;][vc_column_text]Il 31 ottobre 2003 il Club Sportivo \u201cTORO CLUB CARIBE\u201d \u00e8 stato creato per tutti i tifosi della squadra GRANATA. \u00c8 un&#8217;organizzazione senza scopo di lucro con scopi sociali e umanitari. Nasce con l&#8217;obiettivo di aderire al Torino Football Club, [&hellip;]<\/p>\n","protected":false},"author":1,"featured_media":0,"parent":0,"menu_order":0,"comment_status":"closed","ping_status":"closed","template":"","meta":{"footnotes":""},"class_list":["post-270","page","type-page","status-publish","hentry"],"_links":{"self":[{"href":"https:\/\/toroclubcaribe.org\/it\/wp-json\/wp\/v2\/pages\/270","targetHints":{"allow":["GET"]}}],"collection":[{"href":"https:\/\/toroclubcaribe.org\/it\/wp-json\/wp\/v2\/pages"}],"about":[{"href":"https:\/\/toroclubcaribe.org\/it\/wp-json\/wp\/v2\/types\/page"}],"author":[{"embeddable":true,"href":"https:\/\/toroclubcaribe.org\/it\/wp-json\/wp\/v2\/users\/1"}],"replies":[{"embeddable":true,"href":"https:\/\/toroclubcaribe.org\/it\/wp-json\/wp\/v2\/comments?post=270"}],"version-history":[{"count":276,"href":"https:\/\/toroclubcaribe.org\/it\/wp-json\/wp\/v2\/pages\/270\/revisions"}],"predecessor-version":[{"id":5100,"href":"https:\/\/toroclubcaribe.org\/it\/wp-json\/wp\/v2\/pages\/270\/revisions\/5100"}],"wp:attachment":[{"href":"https:\/\/toroclubcaribe.org\/it\/wp-json\/wp\/v2\/media?parent=270"}],"curies":[{"name":"wp","href":"https:\/\/api.w.org\/{rel}","templated":true}]}}