{"id":533,"date":"2017-01-09T12:00:43","date_gmt":"2017-01-09T17:00:43","guid":{"rendered":"http:\/\/tccawp.cartagena68.com\/it\/?page_id=533"},"modified":"2017-02-19T15:52:58","modified_gmt":"2017-02-19T20:52:58","slug":"secciones-tcca","status":"publish","type":"page","link":"https:\/\/toroclubcaribe.org\/it\/secciones-tcca\/","title":{"rendered":"Sezioni TCCA"},"content":{"rendered":"<p><strong>Secci\u00f3n Colombia<\/strong><\/p>\n<p><img loading=\"lazy\" decoding=\"async\" class=\"alignnone wp-image-355 size-full\" src=\"https:\/\/tccawp.cartagena68.com\/wp-content\/uploads\/2017\/01\/colombia.jpg\" width=\"121\" height=\"81\" \/>Cartagena de Indias, Barrio Bocagrande Av. San Mart\u00edn No. 9-145 Ed. Nautilus piso 16 Tel\u00e9fono:+57 (5) 665 9304<br \/>\nEmail: <a href=\"mailto:toroclubcaribe@yahoo.com\">toroclubcaribe@yahoo.com<\/a>\u00a0&#8211;\u00a0<a href=\"mailto:toroclubcaribe@gmail.com\">toroclubcaribe@gmail.com<\/a><\/p>\n<p>&nbsp;<\/p>\n<hr \/>\n<p><strong>Secci\u00f3n Mexico<\/strong><\/p>\n<p><img loading=\"lazy\" decoding=\"async\" class=\"alignnone wp-image-419 size-full\" src=\"https:\/\/tccawp.cartagena68.com\/wp-content\/uploads\/2017\/01\/mexico.jpg\" width=\"110\" height=\"73\" \/>Coordinatore Giorgio Capirone<br \/>\nEmail: <a href=\"mailto:lobotex@intercom.it\">lobotex@intercom.it<\/a>\u00a0&#8211;\u00a0<a href=\"mailto:giorgiomexico@tiscali.it\">giorgiomexico@tiscali.it<\/a><\/p>\n<p style=\"text-align: left;\">Alessandro Torchio Email: <a href=\"mailto:alessandro@condorverdetravel.com\">alessandro@condorverdetravel.com<\/a><\/p>\n<p>Giancarlo Grossi Email: <a href=\"mailto:giancarlo@smaltochimica.com.mx\">giancarlo@smaltochimica.com.mx<\/a><\/p>\n<hr \/>\n<p><strong>Secci\u00f3n Venezuela<\/strong><\/p>\n<p><img loading=\"lazy\" decoding=\"async\" class=\"alignnone wp-image-534 size-full\" src=\"https:\/\/tccawp.cartagena68.com\/wp-content\/uploads\/2017\/01\/venezuela.jpg\" width=\"121\" height=\"81\" \/>Coordinatore<br \/>\nGilberto Cisiano<br \/>\nEmail: <a href=\"mailto:spi2006@cantv.net\">spi2006@cantv.net<\/a><\/p>\n<hr \/>\n<p><strong>Secci\u00f3n Argentina<\/strong><\/p>\n<p><img loading=\"lazy\" decoding=\"async\" class=\"alignnone wp-image-541\" src=\"https:\/\/tccawp.cartagena68.com\/wp-content\/uploads\/2017\/01\/Argentina_flag-300x200.gif\" width=\"114\" height=\"76\" \/>Coordinatore Hector Horacio Alignani<br \/>\nIndirizzo: Casilla de Correo No 19 (2550)<br \/>\nBELL , VILLE C\u00f3rdoba &#8211; Argentina<br \/>\nTel:0054 3534 42 2196 &#8211; 00549 3534 58 9999<br \/>\nEmail: <a href=\"mailto:HectorHoracioAlignani@arnet.com.ar\">HectorHoracioAlignani@arnet.com.ar<\/a><\/p>","protected":false},"excerpt":{"rendered":"<p>Secci\u00f3n Colombia Cartagena de Indias, Barrio Bocagrande Av. San Mart\u00edn No. 9-145 Ed. Nautilus piso 16 Tel\u00e9fono:+57 (5) 665 9304 Email: toroclubcaribe@yahoo.com\u00a0&#8211;\u00a0toroclubcaribe@gmail.com &nbsp; Secci\u00f3n Mexico Coordinatore Giorgio Capirone Email: lobotex@intercom.it\u00a0&#8211;\u00a0giorgiomexico@tiscali.it Alessandro Torchio Email: alessandro@condorverdetravel.com Giancarlo Grossi Email: giancarlo@smaltochimica.com.mx Secci\u00f3n Venezuela Coordinatore Gilberto Cisiano Email: spi2006@cantv.net Secci\u00f3n Argentina Coordinatore Hector Horacio Alignani Indirizzo: Casilla de Correo [&hellip;]<\/p>\n","protected":false},"author":1,"featured_media":0,"parent":0,"menu_order":0,"comment_status":"closed","ping_status":"closed","template":"","meta":{"footnotes":""},"class_list":["post-533","page","type-page","status-publish","hentry"],"_links":{"self":[{"href":"https:\/\/toroclubcaribe.org\/it\/wp-json\/wp\/v2\/pages\/533","targetHints":{"allow":["GET"]}}],"collection":[{"href":"https:\/\/toroclubcaribe.org\/it\/wp-json\/wp\/v2\/pages"}],"about":[{"href":"https:\/\/toroclubcaribe.org\/it\/wp-json\/wp\/v2\/types\/page"}],"author":[{"embeddable":true,"href":"https:\/\/toroclubcaribe.org\/it\/wp-json\/wp\/v2\/users\/1"}],"replies":[{"embeddable":true,"href":"https:\/\/toroclubcaribe.org\/it\/wp-json\/wp\/v2\/comments?post=533"}],"version-history":[{"count":8,"href":"https:\/\/toroclubcaribe.org\/it\/wp-json\/wp\/v2\/pages\/533\/revisions"}],"predecessor-version":[{"id":780,"href":"https:\/\/toroclubcaribe.org\/it\/wp-json\/wp\/v2\/pages\/533\/revisions\/780"}],"wp:attachment":[{"href":"https:\/\/toroclubcaribe.org\/it\/wp-json\/wp\/v2\/media?parent=533"}],"curies":[{"name":"wp","href":"https:\/\/api.w.org\/{rel}","templated":true}]}}